{"id":1028,"date":"2021-04-25T11:23:46","date_gmt":"2021-04-25T14:23:46","guid":{"rendered":"https:\/\/bandarockbeats.com.br\/loja\/?page_id=1028"},"modified":"2021-04-25T11:45:10","modified_gmt":"2021-04-25T14:45:10","slug":"politica-de-troca","status":"publish","type":"page","link":"https:\/\/bandarockbeats.com.br\/loja\/politica-de-troca\/","title":{"rendered":"Politica de Troca"},"content":{"rendered":"\n<div class=\"container section-title-container\" ><h3 class=\"section-title section-title-bold-center\"><b><\/b><span class=\"section-title-main\" >pol\u00edtica de troca<\/span><b><\/b><\/h3><\/div>\n\n<p>Art. 26. O direito de reclamar pelos v\u00edcios aparentes ou de f\u00e1cil constata\u00e7\u00e3o caduca em:<br \/>I \u2013 trinta dias, tratando-se de fornecimento de servi\u00e7o e de produtos n\u00e3o dur\u00e1veis;<br \/>II \u2013 noventa dias, tratando-se de fornecimento de servi\u00e7o e de produtos dur\u00e1veis.<br \/>\u00a7 1\u00ba Inicia-se a contagem do prazo decadencial a partir da entrega efetiva do produto ou do t\u00e9rmino da execu\u00e7\u00e3o dos servi\u00e7os.<br \/>\u00a7 2\u00ba Obstam a decad\u00eancia:<br \/>I \u2013 a reclama\u00e7\u00e3o comprovadamente formulada pelo consumidor perante o fornecedor de produtos e servi\u00e7os at\u00e9 a resposta negativa correspondente, que deve ser transmitida de forma inequ\u00edvoca;<br \/>II \u2013 (Vetado).<br \/>III \u2013 a instaura\u00e7\u00e3o de inqu\u00e9rito civil, at\u00e9 seu encerramento.<br \/>\u00a7 3\u00ba Tratando-se de v\u00edcio oculto, o prazo decadencial inicia-se no momento em que ficar evidenciado o defeito.<\/p>\n<p>Equipe Rock Beats<\/p>\n<p>contato@bandarockbeats.com.br<\/p>\n<p>Cel. (61) 99267-1234<\/p>\n\n","protected":false},"excerpt":{"rendered":"","protected":false},"author":208,"featured_media":0,"parent":0,"menu_order":0,"comment_status":"closed","ping_status":"closed","template":"","meta":{"_joinchat":[],"footnotes":""},"class_list":["post-1028","page","type-page","status-publish","hentry"],"yoast_head":"<!-- This site is optimized with the Yoast SEO plugin v27.3 - https:\/\/yoast.com\/product\/yoast-seo-wordpress\/ -->\n<title>Politica de Troca - Rock Beats Store<\/title>\n<meta name=\"robots\" content=\"index, follow, max-snippet:-1, max-image-preview:large, max-video-preview:-1\" \/>\n<link rel=\"canonical\" href=\"https:\/\/bandarockbeats.com.br\/loja\/politica-de-troca\/\" \/>\n<meta property=\"og:locale\" content=\"pt_BR\" \/>\n<meta property=\"og:type\" content=\"article\" \/>\n<meta property=\"og:title\" content=\"Politica de Troca - Rock Beats Store\" \/>\n<meta property=\"og:url\" content=\"https:\/\/bandarockbeats.com.br\/loja\/politica-de-troca\/\" \/>\n<meta property=\"og:site_name\" content=\"Rock Beats Store\" \/>\n<meta property=\"article:publisher\" content=\"http:\/\/www.facebook.com\/bandarockbeats\" \/>\n<meta property=\"article:modified_time\" content=\"2021-04-25T14:45:10+00:00\" \/>\n<meta name=\"twitter:card\" content=\"summary_large_image\" \/>\n<meta name=\"twitter:label1\" content=\"Est. tempo de leitura\" \/>\n\t<meta name=\"twitter:data1\" content=\"1 minuto\" \/>\n<script type=\"application\/ld+json\" class=\"yoast-schema-graph\">{\"@context\":\"https:\\\/\\\/schema.org\",\"@graph\":[{\"@type\":\"WebPage\",\"@id\":\"https:\\\/\\\/bandarockbeats.com.br\\\/loja\\\/politica-de-troca\\\/\",\"url\":\"https:\\\/\\\/bandarockbeats.com.br\\\/loja\\\/politica-de-troca\\\/\",\"name\":\"Politica de Troca - Rock Beats Store\",\"isPartOf\":{\"@id\":\"https:\\\/\\\/bandarockbeats.com.br\\\/loja\\\/#website\"},\"datePublished\":\"2021-04-25T14:23:46+00:00\",\"dateModified\":\"2021-04-25T14:45:10+00:00\",\"breadcrumb\":{\"@id\":\"https:\\\/\\\/bandarockbeats.com.br\\\/loja\\\/politica-de-troca\\\/#breadcrumb\"},\"inLanguage\":\"pt-BR\",\"potentialAction\":[{\"@type\":\"ReadAction\",\"target\":[\"https:\\\/\\\/bandarockbeats.com.br\\\/loja\\\/politica-de-troca\\\/\"]}]},{\"@type\":\"BreadcrumbList\",\"@id\":\"https:\\\/\\\/bandarockbeats.com.br\\\/loja\\\/politica-de-troca\\\/#breadcrumb\",\"itemListElement\":[{\"@type\":\"ListItem\",\"position\":1,\"name\":\"In\u00edcio\",\"item\":\"https:\\\/\\\/bandarockbeats.com.br\\\/loja\\\/\"},{\"@type\":\"ListItem\",\"position\":2,\"name\":\"Politica de Troca\"}]},{\"@type\":\"WebSite\",\"@id\":\"https:\\\/\\\/bandarockbeats.com.br\\\/loja\\\/#website\",\"url\":\"https:\\\/\\\/bandarockbeats.com.br\\\/loja\\\/\",\"name\":\"Rock Beats Store\",\"description\":\"Lojinha virtual da Banda Rock Beats\",\"publisher\":{\"@id\":\"https:\\\/\\\/bandarockbeats.com.br\\\/loja\\\/#organization\"},\"potentialAction\":[{\"@type\":\"SearchAction\",\"target\":{\"@type\":\"EntryPoint\",\"urlTemplate\":\"https:\\\/\\\/bandarockbeats.com.br\\\/loja\\\/?s={search_term_string}\"},\"query-input\":{\"@type\":\"PropertyValueSpecification\",\"valueRequired\":true,\"valueName\":\"search_term_string\"}}],\"inLanguage\":\"pt-BR\"},{\"@type\":\"Organization\",\"@id\":\"https:\\\/\\\/bandarockbeats.com.br\\\/loja\\\/#organization\",\"name\":\"Rock Beats Store\",\"url\":\"https:\\\/\\\/bandarockbeats.com.br\\\/loja\\\/\",\"logo\":{\"@type\":\"ImageObject\",\"inLanguage\":\"pt-BR\",\"@id\":\"https:\\\/\\\/bandarockbeats.com.br\\\/loja\\\/#\\\/schema\\\/logo\\\/image\\\/\",\"url\":\"https:\\\/\\\/i0.wp.com\\\/bandarockbeats.com.br\\\/loja\\\/wp-content\\\/uploads\\\/2020\\\/08\\\/cropped-Logo-RockBeats.png?fit=1200%2C1200&ssl=1\",\"contentUrl\":\"https:\\\/\\\/i0.wp.com\\\/bandarockbeats.com.br\\\/loja\\\/wp-content\\\/uploads\\\/2020\\\/08\\\/cropped-Logo-RockBeats.png?fit=1200%2C1200&ssl=1\",\"width\":1200,\"height\":1200,\"caption\":\"Rock Beats Store\"},\"image\":{\"@id\":\"https:\\\/\\\/bandarockbeats.com.br\\\/loja\\\/#\\\/schema\\\/logo\\\/image\\\/\"},\"sameAs\":[\"http:\\\/\\\/www.facebook.com\\\/bandarockbeats\",\"https:\\\/\\\/www.instagram.com\\\/bandarockbeats\"]}]}<\/script>\n<!-- \/ Yoast SEO plugin. -->","yoast_head_json":{"title":"Politica de Troca - Rock Beats Store","robots":{"index":"index","follow":"follow","max-snippet":"max-snippet:-1","max-image-preview":"max-image-preview:large","max-video-preview":"max-video-preview:-1"},"canonical":"https:\/\/bandarockbeats.com.br\/loja\/politica-de-troca\/","og_locale":"pt_BR","og_type":"article","og_title":"Politica de Troca - Rock Beats Store","og_url":"https:\/\/bandarockbeats.com.br\/loja\/politica-de-troca\/","og_site_name":"Rock Beats Store","article_publisher":"http:\/\/www.facebook.com\/bandarockbeats","article_modified_time":"2021-04-25T14:45:10+00:00","twitter_card":"summary_large_image","twitter_misc":{"Est. tempo de leitura":"1 minuto"},"schema":{"@context":"https:\/\/schema.org","@graph":[{"@type":"WebPage","@id":"https:\/\/bandarockbeats.com.br\/loja\/politica-de-troca\/","url":"https:\/\/bandarockbeats.com.br\/loja\/politica-de-troca\/","name":"Politica de Troca - Rock Beats Store","isPartOf":{"@id":"https:\/\/bandarockbeats.com.br\/loja\/#website"},"datePublished":"2021-04-25T14:23:46+00:00","dateModified":"2021-04-25T14:45:10+00:00","breadcrumb":{"@id":"https:\/\/bandarockbeats.com.br\/loja\/politica-de-troca\/#breadcrumb"},"inLanguage":"pt-BR","potentialAction":[{"@type":"ReadAction","target":["https:\/\/bandarockbeats.com.br\/loja\/politica-de-troca\/"]}]},{"@type":"BreadcrumbList","@id":"https:\/\/bandarockbeats.com.br\/loja\/politica-de-troca\/#breadcrumb","itemListElement":[{"@type":"ListItem","position":1,"name":"In\u00edcio","item":"https:\/\/bandarockbeats.com.br\/loja\/"},{"@type":"ListItem","position":2,"name":"Politica de Troca"}]},{"@type":"WebSite","@id":"https:\/\/bandarockbeats.com.br\/loja\/#website","url":"https:\/\/bandarockbeats.com.br\/loja\/","name":"Rock Beats Store","description":"Lojinha virtual da Banda Rock Beats","publisher":{"@id":"https:\/\/bandarockbeats.com.br\/loja\/#organization"},"potentialAction":[{"@type":"SearchAction","target":{"@type":"EntryPoint","urlTemplate":"https:\/\/bandarockbeats.com.br\/loja\/?s={search_term_string}"},"query-input":{"@type":"PropertyValueSpecification","valueRequired":true,"valueName":"search_term_string"}}],"inLanguage":"pt-BR"},{"@type":"Organization","@id":"https:\/\/bandarockbeats.com.br\/loja\/#organization","name":"Rock Beats Store","url":"https:\/\/bandarockbeats.com.br\/loja\/","logo":{"@type":"ImageObject","inLanguage":"pt-BR","@id":"https:\/\/bandarockbeats.com.br\/loja\/#\/schema\/logo\/image\/","url":"https:\/\/i0.wp.com\/bandarockbeats.com.br\/loja\/wp-content\/uploads\/2020\/08\/cropped-Logo-RockBeats.png?fit=1200%2C1200&ssl=1","contentUrl":"https:\/\/i0.wp.com\/bandarockbeats.com.br\/loja\/wp-content\/uploads\/2020\/08\/cropped-Logo-RockBeats.png?fit=1200%2C1200&ssl=1","width":1200,"height":1200,"caption":"Rock Beats Store"},"image":{"@id":"https:\/\/bandarockbeats.com.br\/loja\/#\/schema\/logo\/image\/"},"sameAs":["http:\/\/www.facebook.com\/bandarockbeats","https:\/\/www.instagram.com\/bandarockbeats"]}]}},"jetpack_sharing_enabled":true,"_links":{"self":[{"href":"https:\/\/bandarockbeats.com.br\/loja\/wp-json\/wp\/v2\/pages\/1028","targetHints":{"allow":["GET"]}}],"collection":[{"href":"https:\/\/bandarockbeats.com.br\/loja\/wp-json\/wp\/v2\/pages"}],"about":[{"href":"https:\/\/bandarockbeats.com.br\/loja\/wp-json\/wp\/v2\/types\/page"}],"author":[{"embeddable":true,"href":"https:\/\/bandarockbeats.com.br\/loja\/wp-json\/wp\/v2\/users\/208"}],"replies":[{"embeddable":true,"href":"https:\/\/bandarockbeats.com.br\/loja\/wp-json\/wp\/v2\/comments?post=1028"}],"version-history":[{"count":3,"href":"https:\/\/bandarockbeats.com.br\/loja\/wp-json\/wp\/v2\/pages\/1028\/revisions"}],"predecessor-version":[{"id":1035,"href":"https:\/\/bandarockbeats.com.br\/loja\/wp-json\/wp\/v2\/pages\/1028\/revisions\/1035"}],"wp:attachment":[{"href":"https:\/\/bandarockbeats.com.br\/loja\/wp-json\/wp\/v2\/media?parent=1028"}],"curies":[{"name":"wp","href":"https:\/\/api.w.org\/{rel}","templated":true}]}}