{"id":1031,"date":"2021-04-25T11:29:39","date_gmt":"2021-04-25T14:29:39","guid":{"rendered":"https:\/\/bandarockbeats.com.br\/loja\/?page_id=1031"},"modified":"2021-04-25T11:42:20","modified_gmt":"2021-04-25T14:42:20","slug":"politica-de-cancelamento-e-arrependimento","status":"publish","type":"page","link":"https:\/\/bandarockbeats.com.br\/loja\/politica-de-cancelamento-e-arrependimento\/","title":{"rendered":"Politica de Cancelamento e Arrependimento"},"content":{"rendered":"\n<div class=\"container section-title-container\" ><h3 class=\"section-title section-title-bold-center\"><b><\/b><span class=\"section-title-main\" >Pol\u00edtica de cancelamento e arrependimento<\/span><b><\/b><\/h3><\/div>\n\n<p>Nos termos do artigo 49 do C\u00f3digo de Defesa do Consumidor, \u201co consumidor pode desistir da compra, no prazo de 7 dias a contar de pagamento ou do ato de recebimento do produto ou servi\u00e7o, sempre que a contrata\u00e7\u00e3o de fornecimento de produtos e servi\u00e7os ocorrer fora do estabelecimento comercial, especialmente por telefone ou a domic\u00edlio\u201d.<\/p>\n<p>Nos termos da Pol\u00edtica de Troca e Devolu\u00e7\u00e3o da Petit Gateau, o Cliente poder\u00e1 solicitar a devolu\u00e7\u00e3o e obter a consequente restitui\u00e7\u00e3o do valor pago nas compras realizadas fora do estabelecimento comercial da Petit Gateau (compras por telefone, internet, por exemplo).<\/p>\n<p>Essa solicita\u00e7\u00e3o dever\u00e1 ser feita em at\u00e9 07 (sete) dias corridos ap\u00f3s a data de efetiva\u00e7\u00e3o da compra (direito de arrependimento), atrav\u00e9s do Servi\u00e7o de Atendimento ao Cliente (SAC), pelo email: contato@bandarockbeats.com.br, de segunda \u00e0 sexta-feira das 9h \u00e0s 18h, e devem ser informados e devem ser informados nome completo, endere\u00e7o de email utilizado na compra e n\u00famero do pedido, descrevendo o motivo da devolu\u00e7\u00e3o no assunto.<\/p>\n<p>O Cliente n\u00e3o poder\u00e1 se arrepender de uma compra em raz\u00e3o de alega\u00e7\u00e3o de desconhecimento de especifica\u00e7\u00f5es t\u00e9cnicas que foram \u00e0 exaust\u00e3o explicitadas na descri\u00e7\u00e3o do pacote adquirido<\/p>\n<p>O reembolso de valores ap\u00f3s exerc\u00edcio do Direito de Arrependimento poder\u00e1 ser feito da seguinte maneira, dependendo da forma de pagamento efetuada no momento da compra:<\/p>\n<p>Em compras pagas por meio de cart\u00e3o de cr\u00e9dito, o respectivo estorno ocorrer\u00e1 na quantidade de vezes paga no momento da compra, ou seja, efetuou a compra em 2x, voc\u00ea receber\u00e1 em 2x. Esse valor ser\u00e1 estornado nas faturas subsequentes a solicita\u00e7\u00e3o de cancelamento junto a administradora, obedecendo o procedimento da administradora de cada bandeira.<\/p>\n<p>Compras efetuadas nos Pontos de Venda n\u00e3o se enquadram no direito de arrependimento.<\/p>\n<p>Equipe Rock Beats<\/p>\n<p>contato@bandarockbeats.com.br<\/p>\n<p>Cel. (61) 99267-1234<\/p>\n\n","protected":false},"excerpt":{"rendered":"","protected":false},"author":208,"featured_media":0,"parent":0,"menu_order":0,"comment_status":"closed","ping_status":"closed","template":"","meta":{"_joinchat":[],"footnotes":""},"class_list":["post-1031","page","type-page","status-publish","hentry"],"yoast_head":"<!-- This site is optimized with the Yoast SEO plugin v27.3 - https:\/\/yoast.com\/product\/yoast-seo-wordpress\/ -->\n<title>Politica de Cancelamento e Arrependimento - Rock Beats Store<\/title>\n<meta name=\"robots\" content=\"index, follow, max-snippet:-1, max-image-preview:large, max-video-preview:-1\" \/>\n<link rel=\"canonical\" href=\"https:\/\/bandarockbeats.com.br\/loja\/politica-de-cancelamento-e-arrependimento\/\" \/>\n<meta property=\"og:locale\" content=\"pt_BR\" \/>\n<meta property=\"og:type\" content=\"article\" \/>\n<meta property=\"og:title\" content=\"Politica de Cancelamento e Arrependimento - Rock Beats Store\" \/>\n<meta property=\"og:url\" content=\"https:\/\/bandarockbeats.com.br\/loja\/politica-de-cancelamento-e-arrependimento\/\" \/>\n<meta property=\"og:site_name\" content=\"Rock Beats Store\" \/>\n<meta property=\"article:publisher\" content=\"http:\/\/www.facebook.com\/bandarockbeats\" \/>\n<meta property=\"article:modified_time\" content=\"2021-04-25T14:42:20+00:00\" \/>\n<meta name=\"twitter:card\" content=\"summary_large_image\" \/>\n<meta name=\"twitter:label1\" content=\"Est. tempo de leitura\" \/>\n\t<meta name=\"twitter:data1\" content=\"2 minutos\" \/>\n<script type=\"application\/ld+json\" class=\"yoast-schema-graph\">{\"@context\":\"https:\\\/\\\/schema.org\",\"@graph\":[{\"@type\":\"WebPage\",\"@id\":\"https:\\\/\\\/bandarockbeats.com.br\\\/loja\\\/politica-de-cancelamento-e-arrependimento\\\/\",\"url\":\"https:\\\/\\\/bandarockbeats.com.br\\\/loja\\\/politica-de-cancelamento-e-arrependimento\\\/\",\"name\":\"Politica de Cancelamento e Arrependimento - Rock Beats Store\",\"isPartOf\":{\"@id\":\"https:\\\/\\\/bandarockbeats.com.br\\\/loja\\\/#website\"},\"datePublished\":\"2021-04-25T14:29:39+00:00\",\"dateModified\":\"2021-04-25T14:42:20+00:00\",\"breadcrumb\":{\"@id\":\"https:\\\/\\\/bandarockbeats.com.br\\\/loja\\\/politica-de-cancelamento-e-arrependimento\\\/#breadcrumb\"},\"inLanguage\":\"pt-BR\",\"potentialAction\":[{\"@type\":\"ReadAction\",\"target\":[\"https:\\\/\\\/bandarockbeats.com.br\\\/loja\\\/politica-de-cancelamento-e-arrependimento\\\/\"]}]},{\"@type\":\"BreadcrumbList\",\"@id\":\"https:\\\/\\\/bandarockbeats.com.br\\\/loja\\\/politica-de-cancelamento-e-arrependimento\\\/#breadcrumb\",\"itemListElement\":[{\"@type\":\"ListItem\",\"position\":1,\"name\":\"In\u00edcio\",\"item\":\"https:\\\/\\\/bandarockbeats.com.br\\\/loja\\\/\"},{\"@type\":\"ListItem\",\"position\":2,\"name\":\"Politica de Cancelamento e Arrependimento\"}]},{\"@type\":\"WebSite\",\"@id\":\"https:\\\/\\\/bandarockbeats.com.br\\\/loja\\\/#website\",\"url\":\"https:\\\/\\\/bandarockbeats.com.br\\\/loja\\\/\",\"name\":\"Rock Beats Store\",\"description\":\"Lojinha virtual da Banda Rock Beats\",\"publisher\":{\"@id\":\"https:\\\/\\\/bandarockbeats.com.br\\\/loja\\\/#organization\"},\"potentialAction\":[{\"@type\":\"SearchAction\",\"target\":{\"@type\":\"EntryPoint\",\"urlTemplate\":\"https:\\\/\\\/bandarockbeats.com.br\\\/loja\\\/?s={search_term_string}\"},\"query-input\":{\"@type\":\"PropertyValueSpecification\",\"valueRequired\":true,\"valueName\":\"search_term_string\"}}],\"inLanguage\":\"pt-BR\"},{\"@type\":\"Organization\",\"@id\":\"https:\\\/\\\/bandarockbeats.com.br\\\/loja\\\/#organization\",\"name\":\"Rock Beats Store\",\"url\":\"https:\\\/\\\/bandarockbeats.com.br\\\/loja\\\/\",\"logo\":{\"@type\":\"ImageObject\",\"inLanguage\":\"pt-BR\",\"@id\":\"https:\\\/\\\/bandarockbeats.com.br\\\/loja\\\/#\\\/schema\\\/logo\\\/image\\\/\",\"url\":\"https:\\\/\\\/i0.wp.com\\\/bandarockbeats.com.br\\\/loja\\\/wp-content\\\/uploads\\\/2020\\\/08\\\/cropped-Logo-RockBeats.png?fit=1200%2C1200&ssl=1\",\"contentUrl\":\"https:\\\/\\\/i0.wp.com\\\/bandarockbeats.com.br\\\/loja\\\/wp-content\\\/uploads\\\/2020\\\/08\\\/cropped-Logo-RockBeats.png?fit=1200%2C1200&ssl=1\",\"width\":1200,\"height\":1200,\"caption\":\"Rock Beats Store\"},\"image\":{\"@id\":\"https:\\\/\\\/bandarockbeats.com.br\\\/loja\\\/#\\\/schema\\\/logo\\\/image\\\/\"},\"sameAs\":[\"http:\\\/\\\/www.facebook.com\\\/bandarockbeats\",\"https:\\\/\\\/www.instagram.com\\\/bandarockbeats\"]}]}<\/script>\n<!-- \/ Yoast SEO plugin. -->","yoast_head_json":{"title":"Politica de Cancelamento e Arrependimento - Rock Beats Store","robots":{"index":"index","follow":"follow","max-snippet":"max-snippet:-1","max-image-preview":"max-image-preview:large","max-video-preview":"max-video-preview:-1"},"canonical":"https:\/\/bandarockbeats.com.br\/loja\/politica-de-cancelamento-e-arrependimento\/","og_locale":"pt_BR","og_type":"article","og_title":"Politica de Cancelamento e Arrependimento - Rock Beats Store","og_url":"https:\/\/bandarockbeats.com.br\/loja\/politica-de-cancelamento-e-arrependimento\/","og_site_name":"Rock Beats Store","article_publisher":"http:\/\/www.facebook.com\/bandarockbeats","article_modified_time":"2021-04-25T14:42:20+00:00","twitter_card":"summary_large_image","twitter_misc":{"Est. tempo de leitura":"2 minutos"},"schema":{"@context":"https:\/\/schema.org","@graph":[{"@type":"WebPage","@id":"https:\/\/bandarockbeats.com.br\/loja\/politica-de-cancelamento-e-arrependimento\/","url":"https:\/\/bandarockbeats.com.br\/loja\/politica-de-cancelamento-e-arrependimento\/","name":"Politica de Cancelamento e Arrependimento - Rock Beats Store","isPartOf":{"@id":"https:\/\/bandarockbeats.com.br\/loja\/#website"},"datePublished":"2021-04-25T14:29:39+00:00","dateModified":"2021-04-25T14:42:20+00:00","breadcrumb":{"@id":"https:\/\/bandarockbeats.com.br\/loja\/politica-de-cancelamento-e-arrependimento\/#breadcrumb"},"inLanguage":"pt-BR","potentialAction":[{"@type":"ReadAction","target":["https:\/\/bandarockbeats.com.br\/loja\/politica-de-cancelamento-e-arrependimento\/"]}]},{"@type":"BreadcrumbList","@id":"https:\/\/bandarockbeats.com.br\/loja\/politica-de-cancelamento-e-arrependimento\/#breadcrumb","itemListElement":[{"@type":"ListItem","position":1,"name":"In\u00edcio","item":"https:\/\/bandarockbeats.com.br\/loja\/"},{"@type":"ListItem","position":2,"name":"Politica de Cancelamento e Arrependimento"}]},{"@type":"WebSite","@id":"https:\/\/bandarockbeats.com.br\/loja\/#website","url":"https:\/\/bandarockbeats.com.br\/loja\/","name":"Rock Beats Store","description":"Lojinha virtual da Banda Rock Beats","publisher":{"@id":"https:\/\/bandarockbeats.com.br\/loja\/#organization"},"potentialAction":[{"@type":"SearchAction","target":{"@type":"EntryPoint","urlTemplate":"https:\/\/bandarockbeats.com.br\/loja\/?s={search_term_string}"},"query-input":{"@type":"PropertyValueSpecification","valueRequired":true,"valueName":"search_term_string"}}],"inLanguage":"pt-BR"},{"@type":"Organization","@id":"https:\/\/bandarockbeats.com.br\/loja\/#organization","name":"Rock Beats Store","url":"https:\/\/bandarockbeats.com.br\/loja\/","logo":{"@type":"ImageObject","inLanguage":"pt-BR","@id":"https:\/\/bandarockbeats.com.br\/loja\/#\/schema\/logo\/image\/","url":"https:\/\/i0.wp.com\/bandarockbeats.com.br\/loja\/wp-content\/uploads\/2020\/08\/cropped-Logo-RockBeats.png?fit=1200%2C1200&ssl=1","contentUrl":"https:\/\/i0.wp.com\/bandarockbeats.com.br\/loja\/wp-content\/uploads\/2020\/08\/cropped-Logo-RockBeats.png?fit=1200%2C1200&ssl=1","width":1200,"height":1200,"caption":"Rock Beats Store"},"image":{"@id":"https:\/\/bandarockbeats.com.br\/loja\/#\/schema\/logo\/image\/"},"sameAs":["http:\/\/www.facebook.com\/bandarockbeats","https:\/\/www.instagram.com\/bandarockbeats"]}]}},"jetpack_sharing_enabled":true,"_links":{"self":[{"href":"https:\/\/bandarockbeats.com.br\/loja\/wp-json\/wp\/v2\/pages\/1031","targetHints":{"allow":["GET"]}}],"collection":[{"href":"https:\/\/bandarockbeats.com.br\/loja\/wp-json\/wp\/v2\/pages"}],"about":[{"href":"https:\/\/bandarockbeats.com.br\/loja\/wp-json\/wp\/v2\/types\/page"}],"author":[{"embeddable":true,"href":"https:\/\/bandarockbeats.com.br\/loja\/wp-json\/wp\/v2\/users\/208"}],"replies":[{"embeddable":true,"href":"https:\/\/bandarockbeats.com.br\/loja\/wp-json\/wp\/v2\/comments?post=1031"}],"version-history":[{"count":3,"href":"https:\/\/bandarockbeats.com.br\/loja\/wp-json\/wp\/v2\/pages\/1031\/revisions"}],"predecessor-version":[{"id":1036,"href":"https:\/\/bandarockbeats.com.br\/loja\/wp-json\/wp\/v2\/pages\/1031\/revisions\/1036"}],"wp:attachment":[{"href":"https:\/\/bandarockbeats.com.br\/loja\/wp-json\/wp\/v2\/media?parent=1031"}],"curies":[{"name":"wp","href":"https:\/\/api.w.org\/{rel}","templated":true}]}}