{"id":7967,"date":"2023-12-20T22:45:59","date_gmt":"2023-12-21T01:45:59","guid":{"rendered":"https:\/\/bandarockbeats.com.br\/loja\/?post_type=product&#038;p=7967"},"modified":"2026-04-08T19:29:19","modified_gmt":"2026-04-08T22:29:19","slug":"cordao-para-copo","status":"publish","type":"product","link":"https:\/\/bandarockbeats.com.br\/loja\/produto\/cordao-para-copo\/","title":{"rendered":"CORD\u00c3O PARA COPO"},"content":{"rendered":"<p>&nbsp;<\/p>\n<p>*n\u00e3o acompanha o copo.<\/p>\n<p><img fetchpriority=\"high\" decoding=\"async\" class=\"alignnone size-medium wp-image-7968\" src=\"https:\/\/bandarockbeats.com.br\/loja\/wp-content\/uploads\/2023\/12\/WhatsApp-Image-2023-12-20-at-15.25.55-300x400.jpeg\" alt=\"\" width=\"300\" height=\"400\" srcset=\"https:\/\/bandarockbeats.com.br\/loja\/wp-content\/uploads\/2023\/12\/WhatsApp-Image-2023-12-20-at-15.25.55-300x400.jpeg 300w, https:\/\/bandarockbeats.com.br\/loja\/wp-content\/uploads\/2023\/12\/WhatsApp-Image-2023-12-20-at-15.25.55-600x800.jpeg 600w, https:\/\/bandarockbeats.com.br\/loja\/wp-content\/uploads\/2023\/12\/WhatsApp-Image-2023-12-20-at-15.25.55-768x1024.jpeg 768w, https:\/\/bandarockbeats.com.br\/loja\/wp-content\/uploads\/2023\/12\/WhatsApp-Image-2023-12-20-at-15.25.55-1152x1536.jpeg 1152w, https:\/\/bandarockbeats.com.br\/loja\/wp-content\/uploads\/2023\/12\/WhatsApp-Image-2023-12-20-at-15.25.55-45x60.jpeg 45w, https:\/\/bandarockbeats.com.br\/loja\/wp-content\/uploads\/2023\/12\/WhatsApp-Image-2023-12-20-at-15.25.55-68x90.jpeg 68w, https:\/\/bandarockbeats.com.br\/loja\/wp-content\/uploads\/2023\/12\/WhatsApp-Image-2023-12-20-at-15.25.55.jpeg 1200w\" sizes=\"(max-width: 300px) 100vw, 300px\" \/><\/p>\n","protected":false},"excerpt":{"rendered":"<p>Cord\u00e3o para copo com mosquete e borracha.<\/p>\n<p>*N\u00e3o acompanha o copo.<\/p>\n","protected":false},"featured_media":11268,"comment_status":"open","ping_status":"closed","template":"","meta":{"_joinchat":[]},"product_brand":[],"product_cat":[71],"product_tag":[],"class_list":{"0":"post-7967","1":"product","2":"type-product","3":"status-publish","4":"has-post-thumbnail","6":"product_cat-acessorios","8":"first","9":"instock","10":"taxable","11":"shipping-taxable","12":"purchasable","13":"product-type-simple"},"yoast_head":"<!-- This site is optimized with the Yoast SEO plugin v27.3 - https:\/\/yoast.com\/product\/yoast-seo-wordpress\/ -->\n<title>CORD\u00c3O PARA COPO - Rock Beats Store<\/title>\n<meta name=\"robots\" content=\"index, follow, max-snippet:-1, max-image-preview:large, max-video-preview:-1\" \/>\n<link rel=\"canonical\" href=\"https:\/\/bandarockbeats.com.br\/loja\/produto\/cordao-para-copo\/\" \/>\n<meta property=\"og:locale\" content=\"pt_BR\" \/>\n<meta property=\"og:type\" content=\"article\" \/>\n<meta property=\"og:title\" content=\"CORD\u00c3O PARA COPO - Rock Beats Store\" \/>\n<meta property=\"og:description\" content=\"Cord\u00e3o para copo com mosquete e borracha.  *N\u00e3o acompanha o copo.\" \/>\n<meta property=\"og:url\" content=\"https:\/\/bandarockbeats.com.br\/loja\/produto\/cordao-para-copo\/\" \/>\n<meta property=\"og:site_name\" content=\"Rock Beats Store\" \/>\n<meta property=\"article:publisher\" content=\"http:\/\/www.facebook.com\/bandarockbeats\" \/>\n<meta property=\"article:modified_time\" content=\"2026-04-08T22:29:19+00:00\" \/>\n<meta property=\"og:image\" content=\"http:\/\/bandarockbeats.com.br\/loja\/wp-content\/uploads\/2023\/12\/cordao-e-copo.jpg\" \/>\n\t<meta property=\"og:image:width\" content=\"2008\" \/>\n\t<meta property=\"og:image:height\" content=\"2008\" \/>\n\t<meta property=\"og:image:type\" content=\"image\/jpeg\" \/>\n<meta name=\"twitter:card\" content=\"summary_large_image\" \/>\n<meta name=\"twitter:label1\" content=\"Est. tempo de leitura\" \/>\n\t<meta name=\"twitter:data1\" content=\"1 minuto\" \/>\n<script type=\"application\/ld+json\" class=\"yoast-schema-graph\">{\"@context\":\"https:\\\/\\\/schema.org\",\"@graph\":[{\"@type\":\"WebPage\",\"@id\":\"https:\\\/\\\/bandarockbeats.com.br\\\/loja\\\/produto\\\/cordao-para-copo\\\/\",\"url\":\"https:\\\/\\\/bandarockbeats.com.br\\\/loja\\\/produto\\\/cordao-para-copo\\\/\",\"name\":\"CORD\u00c3O PARA COPO - Rock Beats Store\",\"isPartOf\":{\"@id\":\"https:\\\/\\\/bandarockbeats.com.br\\\/loja\\\/#website\"},\"primaryImageOfPage\":{\"@id\":\"https:\\\/\\\/bandarockbeats.com.br\\\/loja\\\/produto\\\/cordao-para-copo\\\/#primaryimage\"},\"image\":{\"@id\":\"https:\\\/\\\/bandarockbeats.com.br\\\/loja\\\/produto\\\/cordao-para-copo\\\/#primaryimage\"},\"thumbnailUrl\":\"https:\\\/\\\/bandarockbeats.com.br\\\/loja\\\/wp-content\\\/uploads\\\/2023\\\/12\\\/cordao-e-copo.jpg\",\"datePublished\":\"2023-12-21T01:45:59+00:00\",\"dateModified\":\"2026-04-08T22:29:19+00:00\",\"breadcrumb\":{\"@id\":\"https:\\\/\\\/bandarockbeats.com.br\\\/loja\\\/produto\\\/cordao-para-copo\\\/#breadcrumb\"},\"inLanguage\":\"pt-BR\",\"potentialAction\":[{\"@type\":\"ReadAction\",\"target\":[\"https:\\\/\\\/bandarockbeats.com.br\\\/loja\\\/produto\\\/cordao-para-copo\\\/\"]}]},{\"@type\":\"ImageObject\",\"inLanguage\":\"pt-BR\",\"@id\":\"https:\\\/\\\/bandarockbeats.com.br\\\/loja\\\/produto\\\/cordao-para-copo\\\/#primaryimage\",\"url\":\"https:\\\/\\\/bandarockbeats.com.br\\\/loja\\\/wp-content\\\/uploads\\\/2023\\\/12\\\/cordao-e-copo.jpg\",\"contentUrl\":\"https:\\\/\\\/bandarockbeats.com.br\\\/loja\\\/wp-content\\\/uploads\\\/2023\\\/12\\\/cordao-e-copo.jpg\",\"width\":2008,\"height\":2008},{\"@type\":\"BreadcrumbList\",\"@id\":\"https:\\\/\\\/bandarockbeats.com.br\\\/loja\\\/produto\\\/cordao-para-copo\\\/#breadcrumb\",\"itemListElement\":[{\"@type\":\"ListItem\",\"position\":1,\"name\":\"In\u00edcio\",\"item\":\"https:\\\/\\\/bandarockbeats.com.br\\\/loja\\\/\"},{\"@type\":\"ListItem\",\"position\":2,\"name\":\"Loja\",\"item\":\"https:\\\/\\\/bandarockbeats.com.br\\\/loja\\\/loja\\\/\"},{\"@type\":\"ListItem\",\"position\":3,\"name\":\"CORD\u00c3O PARA COPO\"}]},{\"@type\":\"WebSite\",\"@id\":\"https:\\\/\\\/bandarockbeats.com.br\\\/loja\\\/#website\",\"url\":\"https:\\\/\\\/bandarockbeats.com.br\\\/loja\\\/\",\"name\":\"Rock Beats Store\",\"description\":\"Lojinha virtual da Banda Rock Beats\",\"publisher\":{\"@id\":\"https:\\\/\\\/bandarockbeats.com.br\\\/loja\\\/#organization\"},\"potentialAction\":[{\"@type\":\"SearchAction\",\"target\":{\"@type\":\"EntryPoint\",\"urlTemplate\":\"https:\\\/\\\/bandarockbeats.com.br\\\/loja\\\/?s={search_term_string}\"},\"query-input\":{\"@type\":\"PropertyValueSpecification\",\"valueRequired\":true,\"valueName\":\"search_term_string\"}}],\"inLanguage\":\"pt-BR\"},{\"@type\":\"Organization\",\"@id\":\"https:\\\/\\\/bandarockbeats.com.br\\\/loja\\\/#organization\",\"name\":\"Rock Beats Store\",\"url\":\"https:\\\/\\\/bandarockbeats.com.br\\\/loja\\\/\",\"logo\":{\"@type\":\"ImageObject\",\"inLanguage\":\"pt-BR\",\"@id\":\"https:\\\/\\\/bandarockbeats.com.br\\\/loja\\\/#\\\/schema\\\/logo\\\/image\\\/\",\"url\":\"https:\\\/\\\/i0.wp.com\\\/bandarockbeats.com.br\\\/loja\\\/wp-content\\\/uploads\\\/2020\\\/08\\\/cropped-Logo-RockBeats.png?fit=1200%2C1200&ssl=1\",\"contentUrl\":\"https:\\\/\\\/i0.wp.com\\\/bandarockbeats.com.br\\\/loja\\\/wp-content\\\/uploads\\\/2020\\\/08\\\/cropped-Logo-RockBeats.png?fit=1200%2C1200&ssl=1\",\"width\":1200,\"height\":1200,\"caption\":\"Rock Beats Store\"},\"image\":{\"@id\":\"https:\\\/\\\/bandarockbeats.com.br\\\/loja\\\/#\\\/schema\\\/logo\\\/image\\\/\"},\"sameAs\":[\"http:\\\/\\\/www.facebook.com\\\/bandarockbeats\",\"https:\\\/\\\/www.instagram.com\\\/bandarockbeats\"]}]}<\/script>\n<!-- \/ Yoast SEO plugin. -->","yoast_head_json":{"title":"CORD\u00c3O PARA COPO - Rock Beats Store","robots":{"index":"index","follow":"follow","max-snippet":"max-snippet:-1","max-image-preview":"max-image-preview:large","max-video-preview":"max-video-preview:-1"},"canonical":"https:\/\/bandarockbeats.com.br\/loja\/produto\/cordao-para-copo\/","og_locale":"pt_BR","og_type":"article","og_title":"CORD\u00c3O PARA COPO - Rock Beats Store","og_description":"Cord\u00e3o para copo com mosquete e borracha.  *N\u00e3o acompanha o copo.","og_url":"https:\/\/bandarockbeats.com.br\/loja\/produto\/cordao-para-copo\/","og_site_name":"Rock Beats Store","article_publisher":"http:\/\/www.facebook.com\/bandarockbeats","article_modified_time":"2026-04-08T22:29:19+00:00","og_image":[{"width":2008,"height":2008,"url":"http:\/\/bandarockbeats.com.br\/loja\/wp-content\/uploads\/2023\/12\/cordao-e-copo.jpg","type":"image\/jpeg"}],"twitter_card":"summary_large_image","twitter_misc":{"Est. tempo de leitura":"1 minuto"},"schema":{"@context":"https:\/\/schema.org","@graph":[{"@type":"WebPage","@id":"https:\/\/bandarockbeats.com.br\/loja\/produto\/cordao-para-copo\/","url":"https:\/\/bandarockbeats.com.br\/loja\/produto\/cordao-para-copo\/","name":"CORD\u00c3O PARA COPO - Rock Beats Store","isPartOf":{"@id":"https:\/\/bandarockbeats.com.br\/loja\/#website"},"primaryImageOfPage":{"@id":"https:\/\/bandarockbeats.com.br\/loja\/produto\/cordao-para-copo\/#primaryimage"},"image":{"@id":"https:\/\/bandarockbeats.com.br\/loja\/produto\/cordao-para-copo\/#primaryimage"},"thumbnailUrl":"https:\/\/bandarockbeats.com.br\/loja\/wp-content\/uploads\/2023\/12\/cordao-e-copo.jpg","datePublished":"2023-12-21T01:45:59+00:00","dateModified":"2026-04-08T22:29:19+00:00","breadcrumb":{"@id":"https:\/\/bandarockbeats.com.br\/loja\/produto\/cordao-para-copo\/#breadcrumb"},"inLanguage":"pt-BR","potentialAction":[{"@type":"ReadAction","target":["https:\/\/bandarockbeats.com.br\/loja\/produto\/cordao-para-copo\/"]}]},{"@type":"ImageObject","inLanguage":"pt-BR","@id":"https:\/\/bandarockbeats.com.br\/loja\/produto\/cordao-para-copo\/#primaryimage","url":"https:\/\/bandarockbeats.com.br\/loja\/wp-content\/uploads\/2023\/12\/cordao-e-copo.jpg","contentUrl":"https:\/\/bandarockbeats.com.br\/loja\/wp-content\/uploads\/2023\/12\/cordao-e-copo.jpg","width":2008,"height":2008},{"@type":"BreadcrumbList","@id":"https:\/\/bandarockbeats.com.br\/loja\/produto\/cordao-para-copo\/#breadcrumb","itemListElement":[{"@type":"ListItem","position":1,"name":"In\u00edcio","item":"https:\/\/bandarockbeats.com.br\/loja\/"},{"@type":"ListItem","position":2,"name":"Loja","item":"https:\/\/bandarockbeats.com.br\/loja\/loja\/"},{"@type":"ListItem","position":3,"name":"CORD\u00c3O PARA COPO"}]},{"@type":"WebSite","@id":"https:\/\/bandarockbeats.com.br\/loja\/#website","url":"https:\/\/bandarockbeats.com.br\/loja\/","name":"Rock Beats Store","description":"Lojinha virtual da Banda Rock Beats","publisher":{"@id":"https:\/\/bandarockbeats.com.br\/loja\/#organization"},"potentialAction":[{"@type":"SearchAction","target":{"@type":"EntryPoint","urlTemplate":"https:\/\/bandarockbeats.com.br\/loja\/?s={search_term_string}"},"query-input":{"@type":"PropertyValueSpecification","valueRequired":true,"valueName":"search_term_string"}}],"inLanguage":"pt-BR"},{"@type":"Organization","@id":"https:\/\/bandarockbeats.com.br\/loja\/#organization","name":"Rock Beats Store","url":"https:\/\/bandarockbeats.com.br\/loja\/","logo":{"@type":"ImageObject","inLanguage":"pt-BR","@id":"https:\/\/bandarockbeats.com.br\/loja\/#\/schema\/logo\/image\/","url":"https:\/\/i0.wp.com\/bandarockbeats.com.br\/loja\/wp-content\/uploads\/2020\/08\/cropped-Logo-RockBeats.png?fit=1200%2C1200&ssl=1","contentUrl":"https:\/\/i0.wp.com\/bandarockbeats.com.br\/loja\/wp-content\/uploads\/2020\/08\/cropped-Logo-RockBeats.png?fit=1200%2C1200&ssl=1","width":1200,"height":1200,"caption":"Rock Beats Store"},"image":{"@id":"https:\/\/bandarockbeats.com.br\/loja\/#\/schema\/logo\/image\/"},"sameAs":["http:\/\/www.facebook.com\/bandarockbeats","https:\/\/www.instagram.com\/bandarockbeats"]}]}},"jetpack_sharing_enabled":true,"_links":{"self":[{"href":"https:\/\/bandarockbeats.com.br\/loja\/wp-json\/wp\/v2\/product\/7967","targetHints":{"allow":["GET"]}}],"collection":[{"href":"https:\/\/bandarockbeats.com.br\/loja\/wp-json\/wp\/v2\/product"}],"about":[{"href":"https:\/\/bandarockbeats.com.br\/loja\/wp-json\/wp\/v2\/types\/product"}],"replies":[{"embeddable":true,"href":"https:\/\/bandarockbeats.com.br\/loja\/wp-json\/wp\/v2\/comments?post=7967"}],"wp:featuredmedia":[{"embeddable":true,"href":"https:\/\/bandarockbeats.com.br\/loja\/wp-json\/wp\/v2\/media\/11268"}],"wp:attachment":[{"href":"https:\/\/bandarockbeats.com.br\/loja\/wp-json\/wp\/v2\/media?parent=7967"}],"wp:term":[{"taxonomy":"product_brand","embeddable":true,"href":"https:\/\/bandarockbeats.com.br\/loja\/wp-json\/wp\/v2\/product_brand?post=7967"},{"taxonomy":"product_cat","embeddable":true,"href":"https:\/\/bandarockbeats.com.br\/loja\/wp-json\/wp\/v2\/product_cat?post=7967"},{"taxonomy":"product_tag","embeddable":true,"href":"https:\/\/bandarockbeats.com.br\/loja\/wp-json\/wp\/v2\/product_tag?post=7967"}],"curies":[{"name":"wp","href":"https:\/\/api.w.org\/{rel}","templated":true}]}}