{"id":8047,"date":"2023-12-29T19:43:48","date_gmt":"2023-12-29T22:43:48","guid":{"rendered":"https:\/\/bandarockbeats.com.br\/loja\/?post_type=product&#038;p=8047"},"modified":"2026-04-08T19:29:18","modified_gmt":"2026-04-08T22:29:18","slug":"copotermico-rock-beats","status":"publish","type":"product","link":"https:\/\/bandarockbeats.com.br\/loja\/produto\/copotermico-rock-beats\/","title":{"rendered":"COPO T\u00c9RMICO 500ML COM ABRIDOR DE GARRAFA"},"content":{"rendered":"<p>Copo T\u00e9rmico com abridor de garrafa Rock Beats<\/p>\n<p>Cuidados com o produto<br \/>\n&#8211; N\u00e3o exponha \u00e1 luz solar direta ou calor por longos per\u00edodos.<br \/>\n&#8211; N\u00e3o usar em microondas.<br \/>\n&#8211; Quedas e impactos podem danificar o produto.<\/p>\n<p>Caracter\u00edsticas do produto:<br \/>\n&#8211; Capacidade: 473ml<br \/>\n&#8211; 15 horas com gelo<br \/>\n&#8211; 4 horas gelada<br \/>\n&#8211; 45min quente<br \/>\n&#8211; Dimens\u00f5es: 17 x 9,5 cm (altura x di\u00e2metro)<br \/>\n&#8211; Material: A\u00e7o Inox<br \/>\n&#8211; Produto livre de BPA!<br \/>\n&#8211; Parede dupla com isolamento a v\u00e1cuo, n\u00e3o sua a parte externa.<br \/>\n&#8211; Abertura ampla, empilh\u00e1vel f\u00e1cil transporte e acomoda\u00e7\u00e3o.<br \/>\n&#8211; Seguro no Lava-Lou\u00e7as<br \/>\n&#8211; Dur\u00e1vel, Resistente, Elegante para todos os estilos.<\/p>\n<p>&nbsp;<\/p>\n<p><img fetchpriority=\"high\" decoding=\"async\" class=\"size-medium wp-image-8048 aligncenter\" src=\"https:\/\/bandarockbeats.com.br\/loja\/wp-content\/uploads\/2023\/12\/copo-termico-com-abridor-400x400.jpg\" alt=\"\" width=\"400\" height=\"400\" srcset=\"https:\/\/bandarockbeats.com.br\/loja\/wp-content\/uploads\/2023\/12\/copo-termico-com-abridor-400x400.jpg 400w, https:\/\/bandarockbeats.com.br\/loja\/wp-content\/uploads\/2023\/12\/copo-termico-com-abridor-800x800.jpg 800w, https:\/\/bandarockbeats.com.br\/loja\/wp-content\/uploads\/2023\/12\/copo-termico-com-abridor-280x280.jpg 280w, https:\/\/bandarockbeats.com.br\/loja\/wp-content\/uploads\/2023\/12\/copo-termico-com-abridor-768x768.jpg 768w, https:\/\/bandarockbeats.com.br\/loja\/wp-content\/uploads\/2023\/12\/copo-termico-com-abridor-1536x1536.jpg 1536w, https:\/\/bandarockbeats.com.br\/loja\/wp-content\/uploads\/2023\/12\/copo-termico-com-abridor-300x300.jpg 300w, https:\/\/bandarockbeats.com.br\/loja\/wp-content\/uploads\/2023\/12\/copo-termico-com-abridor-600x600.jpg 600w, https:\/\/bandarockbeats.com.br\/loja\/wp-content\/uploads\/2023\/12\/copo-termico-com-abridor-100x100.jpg 100w, https:\/\/bandarockbeats.com.br\/loja\/wp-content\/uploads\/2023\/12\/copo-termico-com-abridor-60x60.jpg 60w, https:\/\/bandarockbeats.com.br\/loja\/wp-content\/uploads\/2023\/12\/copo-termico-com-abridor-90x90.jpg 90w, https:\/\/bandarockbeats.com.br\/loja\/wp-content\/uploads\/2023\/12\/copo-termico-com-abridor.jpg 2008w\" sizes=\"(max-width: 400px) 100vw, 400px\" \/><\/p>\n","protected":false},"excerpt":{"rendered":"<p>Copo T\u00e9rmico com abridor de garrafa Rock Beats Cuidados com o produto &#8211; N\u00e3o exponha \u00e1 luz solar direta ou calor por longos per\u00edodos. &#8211; N\u00e3o usar em microondas. &#8211; Quedas e impactos podem danificar o produto. Caracter\u00edsticas do produto: &#8211; Capacidade: 473ml &#8211; 15 horas com gelo &#8211; 4 horas gelada &#8211; 45min quente [&#8230;]\n","protected":false},"featured_media":8048,"comment_status":"open","ping_status":"closed","template":"","meta":{"_joinchat":[]},"product_brand":[],"product_cat":[15],"product_tag":[],"class_list":{"0":"post-8047","1":"product","2":"type-product","3":"status-publish","4":"has-post-thumbnail","6":"product_cat-outros","8":"first","9":"instock","10":"taxable","11":"shipping-taxable","12":"purchasable","13":"product-type-simple"},"yoast_head":"<!-- This site is optimized with the Yoast SEO plugin v27.3 - https:\/\/yoast.com\/product\/yoast-seo-wordpress\/ -->\n<title>COPO T\u00c9RMICO 500ML COM ABRIDOR DE GARRAFA - Rock Beats Store<\/title>\n<meta name=\"robots\" content=\"index, follow, max-snippet:-1, max-image-preview:large, max-video-preview:-1\" \/>\n<link rel=\"canonical\" href=\"https:\/\/bandarockbeats.com.br\/loja\/produto\/copotermico-rock-beats\/\" \/>\n<meta property=\"og:locale\" content=\"pt_BR\" \/>\n<meta property=\"og:type\" content=\"article\" \/>\n<meta property=\"og:title\" content=\"COPO T\u00c9RMICO 500ML COM ABRIDOR DE GARRAFA - Rock Beats Store\" \/>\n<meta property=\"og:description\" content=\"Copo T\u00e9rmico com abridor de garrafa Rock Beats Cuidados com o produto &#8211; N\u00e3o exponha \u00e1 luz solar direta ou calor por longos per\u00edodos. &#8211; N\u00e3o usar em microondas. &#8211; Quedas e impactos podem danificar o produto. Caracter\u00edsticas do produto: &#8211; Capacidade: 473ml &#8211; 15 horas com gelo &#8211; 4 horas gelada &#8211; 45min quente [...]\" \/>\n<meta property=\"og:url\" content=\"https:\/\/bandarockbeats.com.br\/loja\/produto\/copotermico-rock-beats\/\" \/>\n<meta property=\"og:site_name\" content=\"Rock Beats Store\" \/>\n<meta property=\"article:publisher\" content=\"http:\/\/www.facebook.com\/bandarockbeats\" \/>\n<meta property=\"article:modified_time\" content=\"2026-04-08T22:29:18+00:00\" \/>\n<meta property=\"og:image\" content=\"https:\/\/bandarockbeats.com.br\/loja\/wp-content\/uploads\/2023\/12\/copo-termico-com-abridor.jpg\" \/>\n\t<meta property=\"og:image:width\" content=\"2008\" \/>\n\t<meta property=\"og:image:height\" content=\"2008\" \/>\n\t<meta property=\"og:image:type\" content=\"image\/jpeg\" \/>\n<meta name=\"twitter:card\" content=\"summary_large_image\" \/>\n<meta name=\"twitter:label1\" content=\"Est. tempo de leitura\" \/>\n\t<meta name=\"twitter:data1\" content=\"1 minuto\" \/>\n<script type=\"application\/ld+json\" class=\"yoast-schema-graph\">{\"@context\":\"https:\\\/\\\/schema.org\",\"@graph\":[{\"@type\":\"WebPage\",\"@id\":\"https:\\\/\\\/bandarockbeats.com.br\\\/loja\\\/produto\\\/copotermico-rock-beats\\\/\",\"url\":\"https:\\\/\\\/bandarockbeats.com.br\\\/loja\\\/produto\\\/copotermico-rock-beats\\\/\",\"name\":\"COPO T\u00c9RMICO 500ML COM ABRIDOR DE GARRAFA - Rock Beats Store\",\"isPartOf\":{\"@id\":\"https:\\\/\\\/bandarockbeats.com.br\\\/loja\\\/#website\"},\"primaryImageOfPage\":{\"@id\":\"https:\\\/\\\/bandarockbeats.com.br\\\/loja\\\/produto\\\/copotermico-rock-beats\\\/#primaryimage\"},\"image\":{\"@id\":\"https:\\\/\\\/bandarockbeats.com.br\\\/loja\\\/produto\\\/copotermico-rock-beats\\\/#primaryimage\"},\"thumbnailUrl\":\"https:\\\/\\\/bandarockbeats.com.br\\\/loja\\\/wp-content\\\/uploads\\\/2023\\\/12\\\/copo-termico-com-abridor.jpg\",\"datePublished\":\"2023-12-29T22:43:48+00:00\",\"dateModified\":\"2026-04-08T22:29:18+00:00\",\"breadcrumb\":{\"@id\":\"https:\\\/\\\/bandarockbeats.com.br\\\/loja\\\/produto\\\/copotermico-rock-beats\\\/#breadcrumb\"},\"inLanguage\":\"pt-BR\",\"potentialAction\":[{\"@type\":\"ReadAction\",\"target\":[\"https:\\\/\\\/bandarockbeats.com.br\\\/loja\\\/produto\\\/copotermico-rock-beats\\\/\"]}]},{\"@type\":\"ImageObject\",\"inLanguage\":\"pt-BR\",\"@id\":\"https:\\\/\\\/bandarockbeats.com.br\\\/loja\\\/produto\\\/copotermico-rock-beats\\\/#primaryimage\",\"url\":\"https:\\\/\\\/bandarockbeats.com.br\\\/loja\\\/wp-content\\\/uploads\\\/2023\\\/12\\\/copo-termico-com-abridor.jpg\",\"contentUrl\":\"https:\\\/\\\/bandarockbeats.com.br\\\/loja\\\/wp-content\\\/uploads\\\/2023\\\/12\\\/copo-termico-com-abridor.jpg\",\"width\":2008,\"height\":2008},{\"@type\":\"BreadcrumbList\",\"@id\":\"https:\\\/\\\/bandarockbeats.com.br\\\/loja\\\/produto\\\/copotermico-rock-beats\\\/#breadcrumb\",\"itemListElement\":[{\"@type\":\"ListItem\",\"position\":1,\"name\":\"In\u00edcio\",\"item\":\"https:\\\/\\\/bandarockbeats.com.br\\\/loja\\\/\"},{\"@type\":\"ListItem\",\"position\":2,\"name\":\"Loja\",\"item\":\"https:\\\/\\\/bandarockbeats.com.br\\\/loja\\\/loja\\\/\"},{\"@type\":\"ListItem\",\"position\":3,\"name\":\"COPO T\u00c9RMICO 500ML COM ABRIDOR DE GARRAFA\"}]},{\"@type\":\"WebSite\",\"@id\":\"https:\\\/\\\/bandarockbeats.com.br\\\/loja\\\/#website\",\"url\":\"https:\\\/\\\/bandarockbeats.com.br\\\/loja\\\/\",\"name\":\"Rock Beats Store\",\"description\":\"Lojinha virtual da Banda Rock Beats\",\"publisher\":{\"@id\":\"https:\\\/\\\/bandarockbeats.com.br\\\/loja\\\/#organization\"},\"potentialAction\":[{\"@type\":\"SearchAction\",\"target\":{\"@type\":\"EntryPoint\",\"urlTemplate\":\"https:\\\/\\\/bandarockbeats.com.br\\\/loja\\\/?s={search_term_string}\"},\"query-input\":{\"@type\":\"PropertyValueSpecification\",\"valueRequired\":true,\"valueName\":\"search_term_string\"}}],\"inLanguage\":\"pt-BR\"},{\"@type\":\"Organization\",\"@id\":\"https:\\\/\\\/bandarockbeats.com.br\\\/loja\\\/#organization\",\"name\":\"Rock Beats Store\",\"url\":\"https:\\\/\\\/bandarockbeats.com.br\\\/loja\\\/\",\"logo\":{\"@type\":\"ImageObject\",\"inLanguage\":\"pt-BR\",\"@id\":\"https:\\\/\\\/bandarockbeats.com.br\\\/loja\\\/#\\\/schema\\\/logo\\\/image\\\/\",\"url\":\"https:\\\/\\\/i0.wp.com\\\/bandarockbeats.com.br\\\/loja\\\/wp-content\\\/uploads\\\/2020\\\/08\\\/cropped-Logo-RockBeats.png?fit=1200%2C1200&ssl=1\",\"contentUrl\":\"https:\\\/\\\/i0.wp.com\\\/bandarockbeats.com.br\\\/loja\\\/wp-content\\\/uploads\\\/2020\\\/08\\\/cropped-Logo-RockBeats.png?fit=1200%2C1200&ssl=1\",\"width\":1200,\"height\":1200,\"caption\":\"Rock Beats Store\"},\"image\":{\"@id\":\"https:\\\/\\\/bandarockbeats.com.br\\\/loja\\\/#\\\/schema\\\/logo\\\/image\\\/\"},\"sameAs\":[\"http:\\\/\\\/www.facebook.com\\\/bandarockbeats\",\"https:\\\/\\\/www.instagram.com\\\/bandarockbeats\"]}]}<\/script>\n<!-- \/ Yoast SEO plugin. -->","yoast_head_json":{"title":"COPO T\u00c9RMICO 500ML COM ABRIDOR DE GARRAFA - Rock Beats Store","robots":{"index":"index","follow":"follow","max-snippet":"max-snippet:-1","max-image-preview":"max-image-preview:large","max-video-preview":"max-video-preview:-1"},"canonical":"https:\/\/bandarockbeats.com.br\/loja\/produto\/copotermico-rock-beats\/","og_locale":"pt_BR","og_type":"article","og_title":"COPO T\u00c9RMICO 500ML COM ABRIDOR DE GARRAFA - Rock Beats Store","og_description":"Copo T\u00e9rmico com abridor de garrafa Rock Beats Cuidados com o produto &#8211; N\u00e3o exponha \u00e1 luz solar direta ou calor por longos per\u00edodos. &#8211; N\u00e3o usar em microondas. &#8211; Quedas e impactos podem danificar o produto. Caracter\u00edsticas do produto: &#8211; Capacidade: 473ml &#8211; 15 horas com gelo &#8211; 4 horas gelada &#8211; 45min quente [...]","og_url":"https:\/\/bandarockbeats.com.br\/loja\/produto\/copotermico-rock-beats\/","og_site_name":"Rock Beats Store","article_publisher":"http:\/\/www.facebook.com\/bandarockbeats","article_modified_time":"2026-04-08T22:29:18+00:00","og_image":[{"width":2008,"height":2008,"url":"https:\/\/bandarockbeats.com.br\/loja\/wp-content\/uploads\/2023\/12\/copo-termico-com-abridor.jpg","type":"image\/jpeg"}],"twitter_card":"summary_large_image","twitter_misc":{"Est. tempo de leitura":"1 minuto"},"schema":{"@context":"https:\/\/schema.org","@graph":[{"@type":"WebPage","@id":"https:\/\/bandarockbeats.com.br\/loja\/produto\/copotermico-rock-beats\/","url":"https:\/\/bandarockbeats.com.br\/loja\/produto\/copotermico-rock-beats\/","name":"COPO T\u00c9RMICO 500ML COM ABRIDOR DE GARRAFA - Rock Beats Store","isPartOf":{"@id":"https:\/\/bandarockbeats.com.br\/loja\/#website"},"primaryImageOfPage":{"@id":"https:\/\/bandarockbeats.com.br\/loja\/produto\/copotermico-rock-beats\/#primaryimage"},"image":{"@id":"https:\/\/bandarockbeats.com.br\/loja\/produto\/copotermico-rock-beats\/#primaryimage"},"thumbnailUrl":"https:\/\/bandarockbeats.com.br\/loja\/wp-content\/uploads\/2023\/12\/copo-termico-com-abridor.jpg","datePublished":"2023-12-29T22:43:48+00:00","dateModified":"2026-04-08T22:29:18+00:00","breadcrumb":{"@id":"https:\/\/bandarockbeats.com.br\/loja\/produto\/copotermico-rock-beats\/#breadcrumb"},"inLanguage":"pt-BR","potentialAction":[{"@type":"ReadAction","target":["https:\/\/bandarockbeats.com.br\/loja\/produto\/copotermico-rock-beats\/"]}]},{"@type":"ImageObject","inLanguage":"pt-BR","@id":"https:\/\/bandarockbeats.com.br\/loja\/produto\/copotermico-rock-beats\/#primaryimage","url":"https:\/\/bandarockbeats.com.br\/loja\/wp-content\/uploads\/2023\/12\/copo-termico-com-abridor.jpg","contentUrl":"https:\/\/bandarockbeats.com.br\/loja\/wp-content\/uploads\/2023\/12\/copo-termico-com-abridor.jpg","width":2008,"height":2008},{"@type":"BreadcrumbList","@id":"https:\/\/bandarockbeats.com.br\/loja\/produto\/copotermico-rock-beats\/#breadcrumb","itemListElement":[{"@type":"ListItem","position":1,"name":"In\u00edcio","item":"https:\/\/bandarockbeats.com.br\/loja\/"},{"@type":"ListItem","position":2,"name":"Loja","item":"https:\/\/bandarockbeats.com.br\/loja\/loja\/"},{"@type":"ListItem","position":3,"name":"COPO T\u00c9RMICO 500ML COM ABRIDOR DE GARRAFA"}]},{"@type":"WebSite","@id":"https:\/\/bandarockbeats.com.br\/loja\/#website","url":"https:\/\/bandarockbeats.com.br\/loja\/","name":"Rock Beats Store","description":"Lojinha virtual da Banda Rock Beats","publisher":{"@id":"https:\/\/bandarockbeats.com.br\/loja\/#organization"},"potentialAction":[{"@type":"SearchAction","target":{"@type":"EntryPoint","urlTemplate":"https:\/\/bandarockbeats.com.br\/loja\/?s={search_term_string}"},"query-input":{"@type":"PropertyValueSpecification","valueRequired":true,"valueName":"search_term_string"}}],"inLanguage":"pt-BR"},{"@type":"Organization","@id":"https:\/\/bandarockbeats.com.br\/loja\/#organization","name":"Rock Beats Store","url":"https:\/\/bandarockbeats.com.br\/loja\/","logo":{"@type":"ImageObject","inLanguage":"pt-BR","@id":"https:\/\/bandarockbeats.com.br\/loja\/#\/schema\/logo\/image\/","url":"https:\/\/i0.wp.com\/bandarockbeats.com.br\/loja\/wp-content\/uploads\/2020\/08\/cropped-Logo-RockBeats.png?fit=1200%2C1200&ssl=1","contentUrl":"https:\/\/i0.wp.com\/bandarockbeats.com.br\/loja\/wp-content\/uploads\/2020\/08\/cropped-Logo-RockBeats.png?fit=1200%2C1200&ssl=1","width":1200,"height":1200,"caption":"Rock Beats Store"},"image":{"@id":"https:\/\/bandarockbeats.com.br\/loja\/#\/schema\/logo\/image\/"},"sameAs":["http:\/\/www.facebook.com\/bandarockbeats","https:\/\/www.instagram.com\/bandarockbeats"]}]}},"jetpack_sharing_enabled":true,"_links":{"self":[{"href":"https:\/\/bandarockbeats.com.br\/loja\/wp-json\/wp\/v2\/product\/8047","targetHints":{"allow":["GET"]}}],"collection":[{"href":"https:\/\/bandarockbeats.com.br\/loja\/wp-json\/wp\/v2\/product"}],"about":[{"href":"https:\/\/bandarockbeats.com.br\/loja\/wp-json\/wp\/v2\/types\/product"}],"replies":[{"embeddable":true,"href":"https:\/\/bandarockbeats.com.br\/loja\/wp-json\/wp\/v2\/comments?post=8047"}],"wp:featuredmedia":[{"embeddable":true,"href":"https:\/\/bandarockbeats.com.br\/loja\/wp-json\/wp\/v2\/media\/8048"}],"wp:attachment":[{"href":"https:\/\/bandarockbeats.com.br\/loja\/wp-json\/wp\/v2\/media?parent=8047"}],"wp:term":[{"taxonomy":"product_brand","embeddable":true,"href":"https:\/\/bandarockbeats.com.br\/loja\/wp-json\/wp\/v2\/product_brand?post=8047"},{"taxonomy":"product_cat","embeddable":true,"href":"https:\/\/bandarockbeats.com.br\/loja\/wp-json\/wp\/v2\/product_cat?post=8047"},{"taxonomy":"product_tag","embeddable":true,"href":"https:\/\/bandarockbeats.com.br\/loja\/wp-json\/wp\/v2\/product_tag?post=8047"}],"curies":[{"name":"wp","href":"https:\/\/api.w.org\/{rel}","templated":true}]}}