{"id":9558,"date":"2024-08-14T18:07:38","date_gmt":"2024-08-14T21:07:38","guid":{"rendered":"https:\/\/bandarockbeats.com.br\/loja\/?post_type=product&#038;p=9558"},"modified":"2025-06-27T16:23:12","modified_gmt":"2025-06-27T19:23:12","slug":"camiseta-eu-so-quero-ficar-so","status":"publish","type":"product","link":"https:\/\/bandarockbeats.com.br\/loja\/produto\/camiseta-eu-so-quero-ficar-so\/","title":{"rendered":"CAMISETA EU S\u00d3 QUERO FICAR S\u00d3"},"content":{"rendered":"<p><strong>Camiseta Eu s\u00f3 quero ficar s\u00f3.<\/strong><\/p>\n<p>Material: 100% Algod\u00e3o.<\/p>\n<p class=\"p1\"><strong>Baby Look Medidas (C x L):<\/strong><\/p>\n<p>P: 60 x 38 cm<\/p>\n<p>M: 61 x 40 cm<\/p>\n<p>G: 63 x 44 cm<\/p>\n<p>GG: 65 x 47 cm<\/p>\n<p class=\"p1\"><strong>Camisetas Medidas (C x L):<\/strong><\/p>\n<p>P: 64 x 50 cm<\/p>\n<p>M: 70 x 52 cm<\/p>\n<p>G: 72 x 56 cm<\/p>\n<p>GG: 78 x 58 cm<\/p>\n<p>XG: 80 x 60 cm<\/p>\n<p>XXG: 83 x 66 cm<\/p>\n","protected":false},"excerpt":{"rendered":"<p>Camiseta Eu s\u00f3 quero ficar s\u00f3. Material: 100% Algod\u00e3o. Baby Look Medidas (C x L): P: 60 x 38 cm M: 61 x 40 cm G: 63 x 44 cm GG: 65 x 47 cm Camisetas Medidas (C x L): P: 64 x 50 cm M: 70 x 52 cm G: 72 x 56 cm [&#8230;]\n","protected":false},"featured_media":9559,"comment_status":"open","ping_status":"closed","template":"","meta":{"_joinchat":[]},"product_brand":[],"product_cat":[15],"product_tag":[],"class_list":{"0":"post-9558","1":"product","2":"type-product","3":"status-publish","4":"has-post-thumbnail","6":"product_cat-outros","8":"first","9":"instock","10":"taxable","11":"shipping-taxable","12":"purchasable","13":"product-type-variable"},"yoast_head":"<!-- This site is optimized with the Yoast SEO plugin v27.3 - https:\/\/yoast.com\/product\/yoast-seo-wordpress\/ -->\n<title>CAMISETA EU S\u00d3 QUERO FICAR S\u00d3 - Rock Beats Store<\/title>\n<meta name=\"robots\" content=\"index, follow, max-snippet:-1, max-image-preview:large, max-video-preview:-1\" \/>\n<link rel=\"canonical\" href=\"https:\/\/bandarockbeats.com.br\/loja\/produto\/camiseta-eu-so-quero-ficar-so\/\" \/>\n<meta property=\"og:locale\" content=\"pt_BR\" \/>\n<meta property=\"og:type\" content=\"article\" \/>\n<meta property=\"og:title\" content=\"CAMISETA EU S\u00d3 QUERO FICAR S\u00d3 - Rock Beats Store\" \/>\n<meta property=\"og:description\" content=\"Camiseta Eu s\u00f3 quero ficar s\u00f3. Material: 100% Algod\u00e3o. Baby Look Medidas (C x L): P: 60 x 38 cm M: 61 x 40 cm G: 63 x 44 cm GG: 65 x 47 cm Camisetas Medidas (C x L): P: 64 x 50 cm M: 70 x 52 cm G: 72 x 56 cm [...]\" \/>\n<meta property=\"og:url\" content=\"https:\/\/bandarockbeats.com.br\/loja\/produto\/camiseta-eu-so-quero-ficar-so\/\" \/>\n<meta property=\"og:site_name\" content=\"Rock Beats Store\" \/>\n<meta property=\"article:publisher\" content=\"http:\/\/www.facebook.com\/bandarockbeats\" \/>\n<meta property=\"article:modified_time\" content=\"2025-06-27T19:23:12+00:00\" \/>\n<meta property=\"og:image\" content=\"https:\/\/bandarockbeats.com.br\/loja\/wp-content\/uploads\/2024\/08\/camiseta-eu-so-quero-ficar-so-player-800x800.png\" \/>\n\t<meta property=\"og:image:width\" content=\"800\" \/>\n\t<meta property=\"og:image:height\" content=\"800\" \/>\n\t<meta property=\"og:image:type\" content=\"image\/png\" \/>\n<meta name=\"twitter:card\" content=\"summary_large_image\" \/>\n<meta name=\"twitter:label1\" content=\"Est. tempo de leitura\" \/>\n\t<meta name=\"twitter:data1\" content=\"1 minuto\" \/>\n<script type=\"application\/ld+json\" class=\"yoast-schema-graph\">{\"@context\":\"https:\\\/\\\/schema.org\",\"@graph\":[{\"@type\":\"WebPage\",\"@id\":\"https:\\\/\\\/bandarockbeats.com.br\\\/loja\\\/produto\\\/camiseta-eu-so-quero-ficar-so\\\/\",\"url\":\"https:\\\/\\\/bandarockbeats.com.br\\\/loja\\\/produto\\\/camiseta-eu-so-quero-ficar-so\\\/\",\"name\":\"CAMISETA EU S\u00d3 QUERO FICAR S\u00d3 - Rock Beats Store\",\"isPartOf\":{\"@id\":\"https:\\\/\\\/bandarockbeats.com.br\\\/loja\\\/#website\"},\"primaryImageOfPage\":{\"@id\":\"https:\\\/\\\/bandarockbeats.com.br\\\/loja\\\/produto\\\/camiseta-eu-so-quero-ficar-so\\\/#primaryimage\"},\"image\":{\"@id\":\"https:\\\/\\\/bandarockbeats.com.br\\\/loja\\\/produto\\\/camiseta-eu-so-quero-ficar-so\\\/#primaryimage\"},\"thumbnailUrl\":\"https:\\\/\\\/bandarockbeats.com.br\\\/loja\\\/wp-content\\\/uploads\\\/2024\\\/08\\\/camiseta-eu-so-quero-ficar-so-player.png\",\"datePublished\":\"2024-08-14T21:07:38+00:00\",\"dateModified\":\"2025-06-27T19:23:12+00:00\",\"breadcrumb\":{\"@id\":\"https:\\\/\\\/bandarockbeats.com.br\\\/loja\\\/produto\\\/camiseta-eu-so-quero-ficar-so\\\/#breadcrumb\"},\"inLanguage\":\"pt-BR\",\"potentialAction\":[{\"@type\":\"ReadAction\",\"target\":[\"https:\\\/\\\/bandarockbeats.com.br\\\/loja\\\/produto\\\/camiseta-eu-so-quero-ficar-so\\\/\"]}]},{\"@type\":\"ImageObject\",\"inLanguage\":\"pt-BR\",\"@id\":\"https:\\\/\\\/bandarockbeats.com.br\\\/loja\\\/produto\\\/camiseta-eu-so-quero-ficar-so\\\/#primaryimage\",\"url\":\"https:\\\/\\\/bandarockbeats.com.br\\\/loja\\\/wp-content\\\/uploads\\\/2024\\\/08\\\/camiseta-eu-so-quero-ficar-so-player.png\",\"contentUrl\":\"https:\\\/\\\/bandarockbeats.com.br\\\/loja\\\/wp-content\\\/uploads\\\/2024\\\/08\\\/camiseta-eu-so-quero-ficar-so-player.png\",\"width\":2048,\"height\":2048},{\"@type\":\"BreadcrumbList\",\"@id\":\"https:\\\/\\\/bandarockbeats.com.br\\\/loja\\\/produto\\\/camiseta-eu-so-quero-ficar-so\\\/#breadcrumb\",\"itemListElement\":[{\"@type\":\"ListItem\",\"position\":1,\"name\":\"In\u00edcio\",\"item\":\"https:\\\/\\\/bandarockbeats.com.br\\\/loja\\\/\"},{\"@type\":\"ListItem\",\"position\":2,\"name\":\"Loja\",\"item\":\"https:\\\/\\\/bandarockbeats.com.br\\\/loja\\\/loja\\\/\"},{\"@type\":\"ListItem\",\"position\":3,\"name\":\"CAMISETA EU S\u00d3 QUERO FICAR S\u00d3\"}]},{\"@type\":\"WebSite\",\"@id\":\"https:\\\/\\\/bandarockbeats.com.br\\\/loja\\\/#website\",\"url\":\"https:\\\/\\\/bandarockbeats.com.br\\\/loja\\\/\",\"name\":\"Rock Beats Store\",\"description\":\"Lojinha virtual da Banda Rock Beats\",\"publisher\":{\"@id\":\"https:\\\/\\\/bandarockbeats.com.br\\\/loja\\\/#organization\"},\"potentialAction\":[{\"@type\":\"SearchAction\",\"target\":{\"@type\":\"EntryPoint\",\"urlTemplate\":\"https:\\\/\\\/bandarockbeats.com.br\\\/loja\\\/?s={search_term_string}\"},\"query-input\":{\"@type\":\"PropertyValueSpecification\",\"valueRequired\":true,\"valueName\":\"search_term_string\"}}],\"inLanguage\":\"pt-BR\"},{\"@type\":\"Organization\",\"@id\":\"https:\\\/\\\/bandarockbeats.com.br\\\/loja\\\/#organization\",\"name\":\"Rock Beats Store\",\"url\":\"https:\\\/\\\/bandarockbeats.com.br\\\/loja\\\/\",\"logo\":{\"@type\":\"ImageObject\",\"inLanguage\":\"pt-BR\",\"@id\":\"https:\\\/\\\/bandarockbeats.com.br\\\/loja\\\/#\\\/schema\\\/logo\\\/image\\\/\",\"url\":\"https:\\\/\\\/i0.wp.com\\\/bandarockbeats.com.br\\\/loja\\\/wp-content\\\/uploads\\\/2020\\\/08\\\/cropped-Logo-RockBeats.png?fit=1200%2C1200&ssl=1\",\"contentUrl\":\"https:\\\/\\\/i0.wp.com\\\/bandarockbeats.com.br\\\/loja\\\/wp-content\\\/uploads\\\/2020\\\/08\\\/cropped-Logo-RockBeats.png?fit=1200%2C1200&ssl=1\",\"width\":1200,\"height\":1200,\"caption\":\"Rock Beats Store\"},\"image\":{\"@id\":\"https:\\\/\\\/bandarockbeats.com.br\\\/loja\\\/#\\\/schema\\\/logo\\\/image\\\/\"},\"sameAs\":[\"http:\\\/\\\/www.facebook.com\\\/bandarockbeats\",\"https:\\\/\\\/www.instagram.com\\\/bandarockbeats\"]}]}<\/script>\n<!-- \/ Yoast SEO plugin. -->","yoast_head_json":{"title":"CAMISETA EU S\u00d3 QUERO FICAR S\u00d3 - Rock Beats Store","robots":{"index":"index","follow":"follow","max-snippet":"max-snippet:-1","max-image-preview":"max-image-preview:large","max-video-preview":"max-video-preview:-1"},"canonical":"https:\/\/bandarockbeats.com.br\/loja\/produto\/camiseta-eu-so-quero-ficar-so\/","og_locale":"pt_BR","og_type":"article","og_title":"CAMISETA EU S\u00d3 QUERO FICAR S\u00d3 - Rock Beats Store","og_description":"Camiseta Eu s\u00f3 quero ficar s\u00f3. Material: 100% Algod\u00e3o. Baby Look Medidas (C x L): P: 60 x 38 cm M: 61 x 40 cm G: 63 x 44 cm GG: 65 x 47 cm Camisetas Medidas (C x L): P: 64 x 50 cm M: 70 x 52 cm G: 72 x 56 cm [...]","og_url":"https:\/\/bandarockbeats.com.br\/loja\/produto\/camiseta-eu-so-quero-ficar-so\/","og_site_name":"Rock Beats Store","article_publisher":"http:\/\/www.facebook.com\/bandarockbeats","article_modified_time":"2025-06-27T19:23:12+00:00","og_image":[{"width":800,"height":800,"url":"https:\/\/bandarockbeats.com.br\/loja\/wp-content\/uploads\/2024\/08\/camiseta-eu-so-quero-ficar-so-player-800x800.png","type":"image\/png"}],"twitter_card":"summary_large_image","twitter_misc":{"Est. tempo de leitura":"1 minuto"},"schema":{"@context":"https:\/\/schema.org","@graph":[{"@type":"WebPage","@id":"https:\/\/bandarockbeats.com.br\/loja\/produto\/camiseta-eu-so-quero-ficar-so\/","url":"https:\/\/bandarockbeats.com.br\/loja\/produto\/camiseta-eu-so-quero-ficar-so\/","name":"CAMISETA EU S\u00d3 QUERO FICAR S\u00d3 - Rock Beats Store","isPartOf":{"@id":"https:\/\/bandarockbeats.com.br\/loja\/#website"},"primaryImageOfPage":{"@id":"https:\/\/bandarockbeats.com.br\/loja\/produto\/camiseta-eu-so-quero-ficar-so\/#primaryimage"},"image":{"@id":"https:\/\/bandarockbeats.com.br\/loja\/produto\/camiseta-eu-so-quero-ficar-so\/#primaryimage"},"thumbnailUrl":"https:\/\/bandarockbeats.com.br\/loja\/wp-content\/uploads\/2024\/08\/camiseta-eu-so-quero-ficar-so-player.png","datePublished":"2024-08-14T21:07:38+00:00","dateModified":"2025-06-27T19:23:12+00:00","breadcrumb":{"@id":"https:\/\/bandarockbeats.com.br\/loja\/produto\/camiseta-eu-so-quero-ficar-so\/#breadcrumb"},"inLanguage":"pt-BR","potentialAction":[{"@type":"ReadAction","target":["https:\/\/bandarockbeats.com.br\/loja\/produto\/camiseta-eu-so-quero-ficar-so\/"]}]},{"@type":"ImageObject","inLanguage":"pt-BR","@id":"https:\/\/bandarockbeats.com.br\/loja\/produto\/camiseta-eu-so-quero-ficar-so\/#primaryimage","url":"https:\/\/bandarockbeats.com.br\/loja\/wp-content\/uploads\/2024\/08\/camiseta-eu-so-quero-ficar-so-player.png","contentUrl":"https:\/\/bandarockbeats.com.br\/loja\/wp-content\/uploads\/2024\/08\/camiseta-eu-so-quero-ficar-so-player.png","width":2048,"height":2048},{"@type":"BreadcrumbList","@id":"https:\/\/bandarockbeats.com.br\/loja\/produto\/camiseta-eu-so-quero-ficar-so\/#breadcrumb","itemListElement":[{"@type":"ListItem","position":1,"name":"In\u00edcio","item":"https:\/\/bandarockbeats.com.br\/loja\/"},{"@type":"ListItem","position":2,"name":"Loja","item":"https:\/\/bandarockbeats.com.br\/loja\/loja\/"},{"@type":"ListItem","position":3,"name":"CAMISETA EU S\u00d3 QUERO FICAR S\u00d3"}]},{"@type":"WebSite","@id":"https:\/\/bandarockbeats.com.br\/loja\/#website","url":"https:\/\/bandarockbeats.com.br\/loja\/","name":"Rock Beats Store","description":"Lojinha virtual da Banda Rock Beats","publisher":{"@id":"https:\/\/bandarockbeats.com.br\/loja\/#organization"},"potentialAction":[{"@type":"SearchAction","target":{"@type":"EntryPoint","urlTemplate":"https:\/\/bandarockbeats.com.br\/loja\/?s={search_term_string}"},"query-input":{"@type":"PropertyValueSpecification","valueRequired":true,"valueName":"search_term_string"}}],"inLanguage":"pt-BR"},{"@type":"Organization","@id":"https:\/\/bandarockbeats.com.br\/loja\/#organization","name":"Rock Beats Store","url":"https:\/\/bandarockbeats.com.br\/loja\/","logo":{"@type":"ImageObject","inLanguage":"pt-BR","@id":"https:\/\/bandarockbeats.com.br\/loja\/#\/schema\/logo\/image\/","url":"https:\/\/i0.wp.com\/bandarockbeats.com.br\/loja\/wp-content\/uploads\/2020\/08\/cropped-Logo-RockBeats.png?fit=1200%2C1200&ssl=1","contentUrl":"https:\/\/i0.wp.com\/bandarockbeats.com.br\/loja\/wp-content\/uploads\/2020\/08\/cropped-Logo-RockBeats.png?fit=1200%2C1200&ssl=1","width":1200,"height":1200,"caption":"Rock Beats Store"},"image":{"@id":"https:\/\/bandarockbeats.com.br\/loja\/#\/schema\/logo\/image\/"},"sameAs":["http:\/\/www.facebook.com\/bandarockbeats","https:\/\/www.instagram.com\/bandarockbeats"]}]}},"jetpack_sharing_enabled":true,"_links":{"self":[{"href":"https:\/\/bandarockbeats.com.br\/loja\/wp-json\/wp\/v2\/product\/9558","targetHints":{"allow":["GET"]}}],"collection":[{"href":"https:\/\/bandarockbeats.com.br\/loja\/wp-json\/wp\/v2\/product"}],"about":[{"href":"https:\/\/bandarockbeats.com.br\/loja\/wp-json\/wp\/v2\/types\/product"}],"replies":[{"embeddable":true,"href":"https:\/\/bandarockbeats.com.br\/loja\/wp-json\/wp\/v2\/comments?post=9558"}],"wp:featuredmedia":[{"embeddable":true,"href":"https:\/\/bandarockbeats.com.br\/loja\/wp-json\/wp\/v2\/media\/9559"}],"wp:attachment":[{"href":"https:\/\/bandarockbeats.com.br\/loja\/wp-json\/wp\/v2\/media?parent=9558"}],"wp:term":[{"taxonomy":"product_brand","embeddable":true,"href":"https:\/\/bandarockbeats.com.br\/loja\/wp-json\/wp\/v2\/product_brand?post=9558"},{"taxonomy":"product_cat","embeddable":true,"href":"https:\/\/bandarockbeats.com.br\/loja\/wp-json\/wp\/v2\/product_cat?post=9558"},{"taxonomy":"product_tag","embeddable":true,"href":"https:\/\/bandarockbeats.com.br\/loja\/wp-json\/wp\/v2\/product_tag?post=9558"}],"curies":[{"name":"wp","href":"https:\/\/api.w.org\/{rel}","templated":true}]}}